{"id":11,"date":"2022-08-18T21:04:49","date_gmt":"2022-08-18T21:04:49","guid":{"rendered":"https:\/\/new.ks-enterprise.de\/?page_id=11"},"modified":"2022-08-18T21:47:42","modified_gmt":"2022-08-18T21:47:42","slug":"unsere-angebote","status":"publish","type":"page","link":"https:\/\/www.ks-enterprise.de\/","title":{"rendered":"Unsere Angebote"},"content":{"rendered":"\n<div class=\"wp-block-columns is-layout-flex wp-container-core-columns-is-layout-9d6595d7 wp-block-columns-is-layout-flex\">\n<div class=\"wp-block-column is-layout-flow wp-block-column-is-layout-flow\" style=\"flex-basis:100%\">\n<p>Wir sind ein kleines aufstrebendes Unternehmen und besch\u00e4ftigen nur fachlich kompetente Mitarbeiter. Wir sind sind in in der IT-Branche t\u00e4tig und f\u00fchren zum Beispiel Wartungen und Einrichtungen auf Windows und Linux basierten System durch.<br>Das oberste Ziel unsere Firma ist IHRE Zufriedenheit.<br>Stets nach dem Motto &#8222;We are very kind to you&#8220;.<\/p>\n\n\n\n<div class=\"wp-block-columns is-layout-flex wp-container-core-columns-is-layout-9d6595d7 wp-block-columns-is-layout-flex\">\n<div class=\"wp-block-column is-layout-flow wp-block-column-is-layout-flow\" style=\"flex-basis:100%\">\n<h2 class=\"wp-block-heading\">Unsere Angebote bei Kind Service Enterprise<\/h2>\n\n\n\n<ul class=\"has-black-color has-white-background-color has-text-color has-background wp-block-list\"><li>Webhosting<\/li><li>Erstellen und Warten von Webauftritten und Webshops<\/li><li>Mailserver per Google Workspace oder Microsoft Outlook<\/li><li>individuelle Beratung<\/li><\/ul>\n<\/div>\n<\/div>\n<\/div>\n<\/div>\n","protected":false},"excerpt":{"rendered":"<p>Wir sind ein kleines aufstrebendes Unternehmen und besch\u00e4ftigen nur fachlich kompetente Mitarbeiter. Wir sind sind in in der IT-Branche t\u00e4tig und f\u00fchren zum Beispiel Wartungen und Einrichtungen auf Windows und Linux basierten System durch.Das oberste Ziel unsere Firma ist IHRE Zufriedenheit.Stets nach dem Motto &#8222;We are very kind to you&#8220;. Unsere Angebote bei Kind Service [&hellip;]<\/p>\n","protected":false},"author":1,"featured_media":0,"parent":0,"menu_order":0,"comment_status":"closed","ping_status":"closed","template":"","meta":{"footnotes":""},"class_list":["post-11","page","type-page","status-publish","hentry"],"yoast_head":"<!-- This site is optimized with the Yoast SEO plugin v19.5.1 - https:\/\/yoast.com\/wordpress\/plugins\/seo\/ -->\n<title>Unsere Angebote - Kind Service Enterprise<\/title>\n<meta name=\"robots\" content=\"index, follow, max-snippet:-1, max-image-preview:large, max-video-preview:-1\" \/>\n<link rel=\"canonical\" href=\"https:\/\/www.ks-enterprise.de\/\" \/>\n<meta property=\"og:locale\" content=\"de_DE\" \/>\n<meta property=\"og:type\" content=\"article\" \/>\n<meta property=\"og:title\" content=\"Unsere Angebote - Kind Service Enterprise\" \/>\n<meta property=\"og:description\" content=\"Wir sind ein kleines aufstrebendes Unternehmen und besch\u00e4ftigen nur fachlich kompetente Mitarbeiter. Wir sind sind in in der IT-Branche t\u00e4tig und f\u00fchren zum Beispiel Wartungen und Einrichtungen auf Windows und Linux basierten System durch.Das oberste Ziel unsere Firma ist IHRE Zufriedenheit.Stets nach dem Motto &#8222;We are very kind to you&#8220;. Unsere Angebote bei Kind Service [&hellip;]\" \/>\n<meta property=\"og:url\" content=\"https:\/\/www.ks-enterprise.de\/\" \/>\n<meta property=\"og:site_name\" content=\"Kind Service Enterprise\" \/>\n<meta property=\"article:modified_time\" content=\"2022-08-18T21:47:42+00:00\" \/>\n<meta name=\"twitter:card\" content=\"summary_large_image\" \/>\n<meta name=\"twitter:label1\" content=\"Gesch\u00e4tzte Lesezeit\" \/>\n\t<meta name=\"twitter:data1\" content=\"1\u00a0Minute\" \/>\n<script type=\"application\/ld+json\" class=\"yoast-schema-graph\">{\"@context\":\"https:\/\/schema.org\",\"@graph\":[{\"@type\":\"WebPage\",\"@id\":\"https:\/\/www.ks-enterprise.de\/\",\"url\":\"https:\/\/www.ks-enterprise.de\/\",\"name\":\"Unsere Angebote - Kind Service Enterprise\",\"isPartOf\":{\"@id\":\"https:\/\/www.ks-enterprise.de\/#website\"},\"datePublished\":\"2022-08-18T21:04:49+00:00\",\"dateModified\":\"2022-08-18T21:47:42+00:00\",\"breadcrumb\":{\"@id\":\"https:\/\/www.ks-enterprise.de\/#breadcrumb\"},\"inLanguage\":\"de\",\"potentialAction\":[{\"@type\":\"ReadAction\",\"target\":[\"https:\/\/www.ks-enterprise.de\/\"]}]},{\"@type\":\"BreadcrumbList\",\"@id\":\"https:\/\/www.ks-enterprise.de\/#breadcrumb\",\"itemListElement\":[{\"@type\":\"ListItem\",\"position\":1,\"name\":\"Startseite\",\"item\":\"https:\/\/www.ks-enterprise.de\/\"},{\"@type\":\"ListItem\",\"position\":2,\"name\":\"Unsere Angebote\"}]},{\"@type\":\"WebSite\",\"@id\":\"https:\/\/www.ks-enterprise.de\/#website\",\"url\":\"https:\/\/www.ks-enterprise.de\/\",\"name\":\"Kind Service Enterprise\",\"description\":\"We are very kind to you!\",\"publisher\":{\"@id\":\"https:\/\/www.ks-enterprise.de\/#organization\"},\"potentialAction\":[{\"@type\":\"SearchAction\",\"target\":{\"@type\":\"EntryPoint\",\"urlTemplate\":\"https:\/\/www.ks-enterprise.de\/?s={search_term_string}\"},\"query-input\":\"required name=search_term_string\"}],\"inLanguage\":\"de\"},{\"@type\":\"Organization\",\"@id\":\"https:\/\/www.ks-enterprise.de\/#organization\",\"name\":\"Kind Service Enterprise\",\"url\":\"https:\/\/www.ks-enterprise.de\/\",\"sameAs\":[],\"logo\":{\"@type\":\"ImageObject\",\"inLanguage\":\"de\",\"@id\":\"https:\/\/www.ks-enterprise.de\/#\/schema\/logo\/image\/\",\"url\":\"https:\/\/www.ks-enterprise.de\/wp-content\/uploads\/2022\/08\/cropped-cropped-logo.png\",\"contentUrl\":\"https:\/\/www.ks-enterprise.de\/wp-content\/uploads\/2022\/08\/cropped-cropped-logo.png\",\"width\":4927,\"height\":1972,\"caption\":\"Kind Service Enterprise\"},\"image\":{\"@id\":\"https:\/\/www.ks-enterprise.de\/#\/schema\/logo\/image\/\"}}]}<\/script>\n<!-- \/ Yoast SEO plugin. -->","yoast_head_json":{"title":"Unsere Angebote - Kind Service Enterprise","robots":{"index":"index","follow":"follow","max-snippet":"max-snippet:-1","max-image-preview":"max-image-preview:large","max-video-preview":"max-video-preview:-1"},"canonical":"https:\/\/www.ks-enterprise.de\/","og_locale":"de_DE","og_type":"article","og_title":"Unsere Angebote - Kind Service Enterprise","og_description":"Wir sind ein kleines aufstrebendes Unternehmen und besch\u00e4ftigen nur fachlich kompetente Mitarbeiter. Wir sind sind in in der IT-Branche t\u00e4tig und f\u00fchren zum Beispiel Wartungen und Einrichtungen auf Windows und Linux basierten System durch.Das oberste Ziel unsere Firma ist IHRE Zufriedenheit.Stets nach dem Motto &#8222;We are very kind to you&#8220;. Unsere Angebote bei Kind Service [&hellip;]","og_url":"https:\/\/www.ks-enterprise.de\/","og_site_name":"Kind Service Enterprise","article_modified_time":"2022-08-18T21:47:42+00:00","twitter_card":"summary_large_image","twitter_misc":{"Gesch\u00e4tzte Lesezeit":"1\u00a0Minute"},"schema":{"@context":"https:\/\/schema.org","@graph":[{"@type":"WebPage","@id":"https:\/\/www.ks-enterprise.de\/","url":"https:\/\/www.ks-enterprise.de\/","name":"Unsere Angebote - Kind Service Enterprise","isPartOf":{"@id":"https:\/\/www.ks-enterprise.de\/#website"},"datePublished":"2022-08-18T21:04:49+00:00","dateModified":"2022-08-18T21:47:42+00:00","breadcrumb":{"@id":"https:\/\/www.ks-enterprise.de\/#breadcrumb"},"inLanguage":"de","potentialAction":[{"@type":"ReadAction","target":["https:\/\/www.ks-enterprise.de\/"]}]},{"@type":"BreadcrumbList","@id":"https:\/\/www.ks-enterprise.de\/#breadcrumb","itemListElement":[{"@type":"ListItem","position":1,"name":"Startseite","item":"https:\/\/www.ks-enterprise.de\/"},{"@type":"ListItem","position":2,"name":"Unsere Angebote"}]},{"@type":"WebSite","@id":"https:\/\/www.ks-enterprise.de\/#website","url":"https:\/\/www.ks-enterprise.de\/","name":"Kind Service Enterprise","description":"We are very kind to you!","publisher":{"@id":"https:\/\/www.ks-enterprise.de\/#organization"},"potentialAction":[{"@type":"SearchAction","target":{"@type":"EntryPoint","urlTemplate":"https:\/\/www.ks-enterprise.de\/?s={search_term_string}"},"query-input":"required name=search_term_string"}],"inLanguage":"de"},{"@type":"Organization","@id":"https:\/\/www.ks-enterprise.de\/#organization","name":"Kind Service Enterprise","url":"https:\/\/www.ks-enterprise.de\/","sameAs":[],"logo":{"@type":"ImageObject","inLanguage":"de","@id":"https:\/\/www.ks-enterprise.de\/#\/schema\/logo\/image\/","url":"https:\/\/www.ks-enterprise.de\/wp-content\/uploads\/2022\/08\/cropped-cropped-logo.png","contentUrl":"https:\/\/www.ks-enterprise.de\/wp-content\/uploads\/2022\/08\/cropped-cropped-logo.png","width":4927,"height":1972,"caption":"Kind Service Enterprise"},"image":{"@id":"https:\/\/www.ks-enterprise.de\/#\/schema\/logo\/image\/"}}]}},"_links":{"self":[{"href":"https:\/\/www.ks-enterprise.de\/index.php?rest_route=\/wp\/v2\/pages\/11","targetHints":{"allow":["GET"]}}],"collection":[{"href":"https:\/\/www.ks-enterprise.de\/index.php?rest_route=\/wp\/v2\/pages"}],"about":[{"href":"https:\/\/www.ks-enterprise.de\/index.php?rest_route=\/wp\/v2\/types\/page"}],"author":[{"embeddable":true,"href":"https:\/\/www.ks-enterprise.de\/index.php?rest_route=\/wp\/v2\/users\/1"}],"replies":[{"embeddable":true,"href":"https:\/\/www.ks-enterprise.de\/index.php?rest_route=%2Fwp%2Fv2%2Fcomments&post=11"}],"version-history":[{"count":5,"href":"https:\/\/www.ks-enterprise.de\/index.php?rest_route=\/wp\/v2\/pages\/11\/revisions"}],"predecessor-version":[{"id":34,"href":"https:\/\/www.ks-enterprise.de\/index.php?rest_route=\/wp\/v2\/pages\/11\/revisions\/34"}],"wp:attachment":[{"href":"https:\/\/www.ks-enterprise.de\/index.php?rest_route=%2Fwp%2Fv2%2Fmedia&parent=11"}],"curies":[{"name":"wp","href":"https:\/\/api.w.org\/{rel}","templated":true}]}}